{"id":210,"date":"2026-02-02T15:48:29","date_gmt":"2026-02-02T14:48:29","guid":{"rendered":"https:\/\/sandbox.gronover.de\/?page_id=210"},"modified":"2026-04-22T16:03:22","modified_gmt":"2026-04-22T14:03:22","slug":"impressum","status":"publish","type":"page","link":"https:\/\/gronover.de\/impressum\/","title":{"rendered":"Impressum"},"content":{"rendered":"\t\t<div data-elementor-type=\"wp-page\" data-elementor-id=\"210\" class=\"elementor elementor-210\" data-elementor-post-type=\"page\">\n\t\t\t\t<div class=\"elementor-element elementor-element-762efaf e-flex e-con-boxed e-con e-parent\" data-id=\"762efaf\" data-element_type=\"container\" data-e-type=\"container\">\n\t\t\t\t\t<div class=\"e-con-inner\">\n\t\t\t\t<div class=\"elementor-element elementor-element-40884c7 elementor-widget elementor-widget-html\" data-id=\"40884c7\" data-element_type=\"widget\" data-e-type=\"widget\" data-widget_type=\"html.default\">\n\t\t\t\t\t<div style=\"font-family: sans-serif; line-height: 1.6; color: #333; max-width: 100%; padding: 20px; background-color: #fff; border-radius: 8px;\">\n\n    <h1 style=\"color: #F5A623; border-bottom: 2px solid #eee; padding-bottom: 10px;\">Impressum<\/h1>\n\n    <h2 style=\"color: #F5A623; margin-top: 25px; font-size: 1.2em;\">Angaben gem\u00e4\u00df \u00a7 5 TMG<\/h2>\n    <p>\n        <strong>Gronover Elektrotechnik GmbH<\/strong><br>\n        R\u00f6merstra\u00dfe 1<br>\n        74363 G\u00fcglingen\n    <\/p>\n\n    <h2 style=\"color: #F5A623; margin-top: 25px; font-size: 1.2em;\">Vertreten durch die Gesch\u00e4ftsf\u00fchrung<\/h2>\n    <p>\n        Andreas Conte<br>\n        Debora Schubert<br>\n        Daniel Zaft\n    <\/p>\n\n    <h2 style=\"color: #F5A623; margin-top: 25px; font-size: 1.2em;\">Kontakt<\/h2>\n    <p>\n        Telefon: 07135 \/ 97411-0<br>\n        Telefax: 07135 \/ 97411-9<br>\n        E-Mail: <a href=\"mailto:info@gronover.de\" style=\"color: #333; text-decoration: none;\">info@gronover.de<\/a><br>\n        Webseite: <a href=\"https:\/\/www.gronover.de\" target=\"_blank\" style=\"color: #333; text-decoration: none;\">www.gronover.de<\/a>\n    <\/p>\n\n    <h2 style=\"color: #F5A623; margin-top: 25px; font-size: 1.2em;\">Registereintrag<\/h2>\n    <p>\n        Eintragung im Handelsregister.<br>\n        Registergericht: Amtsgericht Stuttgart<br>\n        Registernummer: 730276\n    <\/p>\n\n    <h2 style=\"color: #F5A623; margin-top: 25px; font-size: 1.2em;\">Umsatzsteuer-ID<\/h2>\n    <p>\n        Umsatzsteuer-Identifikationsnummer gem\u00e4\u00df \u00a7 27 a Umsatzsteuergesetz:<br>\n        DE 266 409 340\n    <\/p>\n    \n    <h2 style=\"color: #F5A623; margin-top: 25px; font-size: 1.2em;\">Verantwortlich f\u00fcr den Inhalt (gem. \u00a7 55 Abs. 2 RStV):<\/h2>\n    <p>\n        Johannes Gronover\n    <\/p>\n\n\n    <h2 style=\"color: #F5A623; margin-top: 25px; font-size: 1.2em;\">EU-Streitschlichtung<\/h2>\n    <p>Die Europ\u00e4ische Kommission stellt eine Plattform zur Online-Streitbeilegung (OS) bereit: <a href=\"https:\/\/ec.europa.eu\/consumers\/odr\/\" target=\"_blank\" style=\"color: #333;\">https:\/\/ec.europa.eu\/consumers\/odr\/<\/a>.<br> Unsere E-Mail-Adresse finden Sie oben im Impressum.<\/p>\n\n    <h2 style=\"color: #F5A623; margin-top: 25px; font-size: 1.2em;\">Verbraucherstreitbeilegung\/Universalschlichtungsstelle<\/h2>\n    <p>Wir sind nicht bereit oder verpflichtet, an Streitbeilegungsverfahren vor einer Verbraucherschlichtungsstelle teilzunehmen.<\/p>\n\n    <p style=\"margin-top: 40px; font-size: 0.8em; color: #777; border-top: 1px solid #eee; padding-top: 10px;\">\n        Stand: April 2026\n    <\/p>\n\n<\/div>\t\t\t\t<\/div>\n\t\t\t\t\t<\/div>\n\t\t\t\t<\/div>\n\t\t\t\t<\/div>\n\t\t","protected":false},"excerpt":{"rendered":"<p>Impressum Angaben gem\u00e4\u00df \u00a7 5 TMG Gronover Elektrotechnik GmbH R\u00f6merstra\u00dfe 1 74363 G\u00fcglingen Vertreten durch die Gesch\u00e4ftsf\u00fchrung Andreas Conte Debora Schubert Daniel Zaft Kontakt Telefon: 07135 \/ 97411-0 Telefax: 07135 \/ 97411-9 E-Mail: info@gronover.de Webseite: www.gronover.de Registereintrag Eintragung im Handelsregister. Registergericht: Amtsgericht Stuttgart Registernummer: 730276 Umsatzsteuer-ID Umsatzsteuer-Identifikationsnummer gem\u00e4\u00df \u00a7 27 a Umsatzsteuergesetz: DE 266 409 [&hellip;]<\/p>\n","protected":false},"author":3,"featured_media":0,"parent":0,"menu_order":0,"comment_status":"closed","ping_status":"closed","template":"elementor_canvas","meta":{"inline_featured_image":false,"footnotes":""},"class_list":["post-210","page","type-page","status-publish","hentry"],"_links":{"self":[{"href":"https:\/\/gronover.de\/wp-json\/wp\/v2\/pages\/210","targetHints":{"allow":["GET"]}}],"collection":[{"href":"https:\/\/gronover.de\/wp-json\/wp\/v2\/pages"}],"about":[{"href":"https:\/\/gronover.de\/wp-json\/wp\/v2\/types\/page"}],"author":[{"embeddable":true,"href":"https:\/\/gronover.de\/wp-json\/wp\/v2\/users\/3"}],"replies":[{"embeddable":true,"href":"https:\/\/gronover.de\/wp-json\/wp\/v2\/comments?post=210"}],"version-history":[{"count":7,"href":"https:\/\/gronover.de\/wp-json\/wp\/v2\/pages\/210\/revisions"}],"predecessor-version":[{"id":5487,"href":"https:\/\/gronover.de\/wp-json\/wp\/v2\/pages\/210\/revisions\/5487"}],"wp:attachment":[{"href":"https:\/\/gronover.de\/wp-json\/wp\/v2\/media?parent=210"}],"curies":[{"name":"wp","href":"https:\/\/api.w.org\/{rel}","templated":true}]}}